{"id":410,"date":"2020-01-25T10:28:07","date_gmt":"2020-01-25T10:28:07","guid":{"rendered":"http:\/\/www.hirsi-suihkonen.fi\/?page_id=410"},"modified":"2026-03-22T10:43:19","modified_gmt":"2026-03-22T10:43:19","slug":"tuotteet-ja-palvelut","status":"publish","type":"page","link":"https:\/\/www.hirsi-suihkonen.fi\/?page_id=410","title":{"rendered":"Tuotteet ja palvelut"},"content":{"rendered":"\n<p style=\"font-size:22px\"><strong>Hirsirakennukset<\/strong> <strong>ja laajennukset<\/strong><\/p>\n\n\n\n<div class=\"wp-block-columns is-layout-flex wp-container-core-columns-is-layout-9d6595d7 wp-block-columns-is-layout-flex\">\n<div class=\"wp-block-column is-layout-flow wp-block-column-is-layout-flow\" style=\"flex-basis:2%\"><\/div>\n\n\n\n<div class=\"wp-block-column is-layout-flow wp-block-column-is-layout-flow\" style=\"flex-basis:62.55%\">\n<p style=\"font-size:19px\">Hirsi-Suihkonen tekee hirsikehikoita lamellihirrest\u00e4.<\/p>\n\n\n\n<p style=\"font-size:19px\">Lamellihirsi valmistetaan kahdesta tai useammasta kappaleesta liimaamalla, jolloin hirsi ei halkeile juuri lainkaan ja hirsirakennuksen painuminen on v\u00e4h\u00e4ist\u00e4 verrattuna massiivihirteen.<br><br>Liimaaminen suoritetaan ns. kennoliimauksena, jolloin hirren ominaisuudet eiv\u00e4t k\u00e4rsi. Hirren hengitt\u00e4vyyden ansioista hirsirakennuksessa on hyv\u00e4 sis\u00e4ilma. Esim. astma-oireita saavat henkil\u00f6t ovat todenneet hirsirakennuksen hyv\u00e4ksi asuinymp\u00e4rist\u00f6ksi.<\/p>\n<\/div>\n\n\n\n<div class=\"wp-block-column is-layout-flow wp-block-column-is-layout-flow\" style=\"flex-basis:35.45%\">\n<p class=\"has-very-light-gray-background-color has-background\"><strong>Hirsien ulkomitat<\/strong><br><br>Hirsi-Suihkonen Ky:n valmistamien hirsituotteiden mitat ovat:&nbsp;<br><br>88 x 192      mm&nbsp;(paksuus      x korkeus)<br>113 x 192 mm<br>134 x 192 mm<br>165 x 220 mm<br>202 x 220 mm<\/p>\n<\/div>\n<\/div>\n\n\n\n<p style=\"font-size:22px\"><strong>Suunnittelupalvelu<\/strong><\/p>\n\n\n\n<div class=\"wp-block-columns is-layout-flex wp-container-core-columns-is-layout-9d6595d7 wp-block-columns-is-layout-flex\">\n<div class=\"wp-block-column is-layout-flow wp-block-column-is-layout-flow\" style=\"flex-basis:2%\"><\/div>\n\n\n\n<div class=\"wp-block-column is-layout-flow wp-block-column-is-layout-flow\" style=\"flex-basis:73%\">\n<p style=\"font-size:19px\">Hirsirakennusten suunnittelu on Hirsi-Suihkosen erityisosaamista. Suunnittelun teemme yhdess\u00e4 kokeneen ja monivuotisen yhteisty\u00f6kumppanin kanssa.<br><br>Suunnittelijamme tulee mielell\u00e4\u00e4n k\u00e4ym\u00e4\u00e4n asiakkaan luona tai rakennuspaikalla, jolloin suunnittelussa voidaan ottaa huomioon ilmansuunnat ja maaston korkeuserot.<br><br>Suunnittelijaltamme saat seuraavat palvelut:<\/p>\n\n\n\n<ul class=\"wp-block-list\">\n<li>rakennuslupakuvat<\/li>\n\n\n\n<li>rakennuspiirustukset<\/li>\n\n\n\n<li>rakennekuvat<\/li>\n\n\n\n<li>perustuksen mittakuvat<\/li>\n<\/ul>\n\n\n\n<figure class=\"wp-block-image size-large\"><img loading=\"lazy\" decoding=\"async\" width=\"768\" height=\"1024\" src=\"https:\/\/www.hirsi-suihkonen.fi\/wp-content\/uploads\/2025\/08\/Saunamokki-768x1024.jpg\" alt=\"\" class=\"wp-image-505\" srcset=\"https:\/\/www.hirsi-suihkonen.fi\/wp-content\/uploads\/2025\/08\/Saunamokki-768x1024.jpg 768w, https:\/\/www.hirsi-suihkonen.fi\/wp-content\/uploads\/2025\/08\/Saunamokki-225x300.jpg 225w, https:\/\/www.hirsi-suihkonen.fi\/wp-content\/uploads\/2025\/08\/Saunamokki-1152x1536.jpg 1152w, https:\/\/www.hirsi-suihkonen.fi\/wp-content\/uploads\/2025\/08\/Saunamokki.jpg 1536w\" sizes=\"auto, (max-width: 768px) 100vw, 768px\" \/><\/figure>\n<\/div>\n\n\n\n<div class=\"wp-block-column is-layout-flow wp-block-column-is-layout-flow\" style=\"flex-basis:25%\"><\/div>\n<\/div>\n\n\n\n<div class=\"wp-block-columns is-layout-flex wp-container-core-columns-is-layout-9d6595d7 wp-block-columns-is-layout-flex\">\n<div class=\"wp-block-column is-layout-flow wp-block-column-is-layout-flow\" style=\"flex-basis:2%\"><\/div>\n\n\n\n<div class=\"wp-block-column is-layout-flow wp-block-column-is-layout-flow\" style=\"flex-basis:98%\"><\/div>\n<\/div>\n","protected":false},"excerpt":{"rendered":"<p>Hirsirakennukset ja laajennukset Hirsi-Suihkonen tekee hirsikehikoita lamellihirrest\u00e4. Lamellihirsi valmistetaan kahdesta tai useammasta kappaleesta liimaamalla, jolloin hirsi ei halkeile juuri lainkaan ja hirsirakennuksen painuminen on v\u00e4h\u00e4ist\u00e4 verrattuna massiivihirteen. Liimaaminen suoritetaan ns. kennoliimauksena, jolloin hirren ominaisuudet eiv\u00e4t k\u00e4rsi. Hirren hengitt\u00e4vyyden ansioista hirsirakennuksessa on hyv\u00e4 sis\u00e4ilma. Esim. astma-oireita saavat henkil\u00f6t ovat todenneet hirsirakennuksen hyv\u00e4ksi asuinymp\u00e4rist\u00f6ksi. Hirsien ulkomitat Hirsi-Suihkonen [&hellip;]<\/p>\n","protected":false},"author":1,"featured_media":0,"parent":0,"menu_order":0,"comment_status":"closed","ping_status":"closed","template":"","meta":{"footnotes":""},"class_list":["post-410","page","type-page","status-publish","czr-hentry"],"_links":{"self":[{"href":"https:\/\/www.hirsi-suihkonen.fi\/index.php?rest_route=\/wp\/v2\/pages\/410","targetHints":{"allow":["GET"]}}],"collection":[{"href":"https:\/\/www.hirsi-suihkonen.fi\/index.php?rest_route=\/wp\/v2\/pages"}],"about":[{"href":"https:\/\/www.hirsi-suihkonen.fi\/index.php?rest_route=\/wp\/v2\/types\/page"}],"author":[{"embeddable":true,"href":"https:\/\/www.hirsi-suihkonen.fi\/index.php?rest_route=\/wp\/v2\/users\/1"}],"replies":[{"embeddable":true,"href":"https:\/\/www.hirsi-suihkonen.fi\/index.php?rest_route=%2Fwp%2Fv2%2Fcomments&post=410"}],"version-history":[{"count":38,"href":"https:\/\/www.hirsi-suihkonen.fi\/index.php?rest_route=\/wp\/v2\/pages\/410\/revisions"}],"predecessor-version":[{"id":564,"href":"https:\/\/www.hirsi-suihkonen.fi\/index.php?rest_route=\/wp\/v2\/pages\/410\/revisions\/564"}],"wp:attachment":[{"href":"https:\/\/www.hirsi-suihkonen.fi\/index.php?rest_route=%2Fwp%2Fv2%2Fmedia&parent=410"}],"curies":[{"name":"wp","href":"https:\/\/api.w.org\/{rel}","templated":true}]}}