{"id":271,"date":"2020-01-25T10:26:58","date_gmt":"2020-01-25T10:26:58","guid":{"rendered":"http:\/\/www.hirsi-suihkonen.fi\/?page_id=271"},"modified":"2026-03-07T12:16:42","modified_gmt":"2026-03-07T12:16:42","slug":"271-2","status":"publish","type":"page","link":"https:\/\/www.hirsi-suihkonen.fi\/","title":{"rendered":"Etusivu"},"content":{"rendered":"\n<div class=\"wp-block-media-text alignwide has-media-on-the-right\" style=\"grid-template-columns:auto 31%\"><div class=\"wp-block-media-text__content\">\n<p class=\"has-medium-font-size\">Hirsi-Suihkonen Ky on vuonna 2005 perustettu perheyritys. Monipuolisesta hirsirakentamisesta on kertynyt&nbsp;kokemusta&nbsp;jo yli 25 vuodelta. <\/p>\n\n\n\n<p class=\"has-medium-font-size\">Yrityksemme tarjoaa ammattitaidolla valmistettuja hirsirakennuksia. Kysytyimm\u00e4t tuotteemme ovat hirsitalot, m\u00f6kit ja muut piharakennukset.<\/p>\n<\/div><figure class=\"wp-block-media-text__media\"><img loading=\"lazy\" decoding=\"async\" width=\"648\" height=\"486\" src=\"http:\/\/www.hirsi-suihkonen.fi\/wp-content\/uploads\/2020\/01\/Luhtiaitta.jpg\" alt=\"\" class=\"wp-image-366 size-full\" srcset=\"https:\/\/www.hirsi-suihkonen.fi\/wp-content\/uploads\/2020\/01\/Luhtiaitta.jpg 648w, https:\/\/www.hirsi-suihkonen.fi\/wp-content\/uploads\/2020\/01\/Luhtiaitta-300x225.jpg 300w\" sizes=\"auto, (max-width: 648px) 100vw, 648px\" \/><\/figure><\/div>\n\n\n\n<div class=\"wp-block-media-text alignwide has-media-on-the-right\" style=\"grid-template-columns:auto 31%\"><div class=\"wp-block-media-text__content\">\n<p class=\"has-medium-font-size\">Yhdess\u00e4 kokeneen, monivuotisen yhteisty\u00f6kumppanimme kanssa voimme suunnitella ja rakentaa juuri sinun tarpeisiisi sopivan hirsirakennuksen. <\/p>\n\n\n\n<p class=\"has-medium-font-size\"><\/p>\n<\/div><figure class=\"wp-block-media-text__media\"><img loading=\"lazy\" decoding=\"async\" width=\"648\" height=\"486\" src=\"http:\/\/www.hirsi-suihkonen.fi\/wp-content\/uploads\/2020\/01\/Talo.jpg\" alt=\"\" class=\"wp-image-365 size-full\" srcset=\"https:\/\/www.hirsi-suihkonen.fi\/wp-content\/uploads\/2020\/01\/Talo.jpg 648w, https:\/\/www.hirsi-suihkonen.fi\/wp-content\/uploads\/2020\/01\/Talo-300x225.jpg 300w\" sizes=\"auto, (max-width: 648px) 100vw, 648px\" \/><\/figure><\/div>\n\n\n\n<div class=\"wp-block-columns is-layout-flex wp-container-core-columns-is-layout-9d6595d7 wp-block-columns-is-layout-flex\">\n<div class=\"wp-block-column is-layout-flow wp-block-column-is-layout-flow\" style=\"flex-basis:9%\"><\/div>\n\n\n\n<div class=\"wp-block-column is-layout-flow wp-block-column-is-layout-flow\" style=\"flex-basis:45.5%\">\n<p class=\"has-medium-font-size\"><br><br><\/p>\n\n\n\n<p style=\"font-size:19px\"><strong>Riitta Suihkonen <\/strong>(toimitusjohtaja)<br><strong>puh. 044 037 9850<br>riitta@hirsi-suihkonen.fi<\/strong><br><\/p>\n<\/div>\n\n\n\n<div class=\"wp-block-column is-layout-flow wp-block-column-is-layout-flow\" style=\"flex-basis:45.5%\">\n<p class=\"has-medium-font-size\"><br><br><\/p>\n\n\n\n<p style=\"font-size:19px\"><strong>Jari Suihkonen <\/strong><br><strong>puh. 040 577 4662<br>jari@hirsi-suihkonen.fi<\/strong><\/p>\n<\/div>\n<\/div>\n\n\n\n<div class=\"wp-block-columns is-layout-flex wp-container-core-columns-is-layout-9d6595d7 wp-block-columns-is-layout-flex\">\n<div class=\"wp-block-column is-layout-flow wp-block-column-is-layout-flow\">\n<figure class=\"wp-block-image size-full\"><img loading=\"lazy\" decoding=\"async\" width=\"425\" height=\"200\" src=\"http:\/\/www.hirsi-suihkonen.fi\/wp-content\/uploads\/2026\/03\/luotettava-kumppani-logo-vihrea.png\" alt=\"\" class=\"wp-image-552\" srcset=\"https:\/\/www.hirsi-suihkonen.fi\/wp-content\/uploads\/2026\/03\/luotettava-kumppani-logo-vihrea.png 425w, https:\/\/www.hirsi-suihkonen.fi\/wp-content\/uploads\/2026\/03\/luotettava-kumppani-logo-vihrea-300x141.png 300w\" sizes=\"auto, (max-width: 425px) 100vw, 425px\" \/><\/figure>\n<\/div>\n\n\n\n<div class=\"wp-block-column is-layout-flow wp-block-column-is-layout-flow\">\n<figure class=\"wp-block-image size-large\"><img loading=\"lazy\" decoding=\"async\" width=\"1024\" height=\"903\" src=\"http:\/\/www.hirsi-suihkonen.fi\/wp-content\/uploads\/2026\/03\/STANDING_BLACK_1080x952-1024x903.png\" alt=\"\" class=\"wp-image-549\" srcset=\"https:\/\/www.hirsi-suihkonen.fi\/wp-content\/uploads\/2026\/03\/STANDING_BLACK_1080x952-1024x903.png 1024w, https:\/\/www.hirsi-suihkonen.fi\/wp-content\/uploads\/2026\/03\/STANDING_BLACK_1080x952-300x264.png 300w, https:\/\/www.hirsi-suihkonen.fi\/wp-content\/uploads\/2026\/03\/STANDING_BLACK_1080x952-768x677.png 768w, https:\/\/www.hirsi-suihkonen.fi\/wp-content\/uploads\/2026\/03\/STANDING_BLACK_1080x952.png 1080w\" sizes=\"auto, (max-width: 1024px) 100vw, 1024px\" \/><\/figure>\n<\/div>\n\n\n\n<div class=\"wp-block-column is-layout-flow wp-block-column-is-layout-flow\">\n<figure class=\"wp-block-image size-large\"><img loading=\"lazy\" decoding=\"async\" width=\"1024\" height=\"599\" src=\"http:\/\/www.hirsi-suihkonen.fi\/wp-content\/uploads\/2019\/09\/RALA_patevyys_RGB-1024x599.jpg\" alt=\"\" class=\"wp-image-101\" srcset=\"https:\/\/www.hirsi-suihkonen.fi\/wp-content\/uploads\/2019\/09\/RALA_patevyys_RGB-1024x599.jpg 1024w, https:\/\/www.hirsi-suihkonen.fi\/wp-content\/uploads\/2019\/09\/RALA_patevyys_RGB-300x176.jpg 300w, https:\/\/www.hirsi-suihkonen.fi\/wp-content\/uploads\/2019\/09\/RALA_patevyys_RGB-768x449.jpg 768w, https:\/\/www.hirsi-suihkonen.fi\/wp-content\/uploads\/2019\/09\/RALA_patevyys_RGB.jpg 1572w\" sizes=\"auto, (max-width: 1024px) 100vw, 1024px\" \/><\/figure>\n<\/div>\n<\/div>\n\n\n\n<div class=\"wp-block-columns is-layout-flex wp-container-core-columns-is-layout-9d6595d7 wp-block-columns-is-layout-flex\">\n<div class=\"wp-block-column is-layout-flow wp-block-column-is-layout-flow\"><\/div>\n\n\n\n<div class=\"wp-block-column is-layout-flow wp-block-column-is-layout-flow\"><\/div>\n<\/div>\n","protected":false},"excerpt":{"rendered":"<p>Hirsi-Suihkonen Ky on vuonna 2005 perustettu perheyritys. Monipuolisesta hirsirakentamisesta on kertynyt&nbsp;kokemusta&nbsp;jo yli 25 vuodelta. Yrityksemme tarjoaa ammattitaidolla valmistettuja hirsirakennuksia. Kysytyimm\u00e4t tuotteemme ovat hirsitalot, m\u00f6kit ja muut piharakennukset. Yhdess\u00e4 kokeneen, monivuotisen yhteisty\u00f6kumppanimme kanssa voimme suunnitella ja rakentaa juuri sinun tarpeisiisi sopivan hirsirakennuksen. Riitta Suihkonen (toimitusjohtaja)puh. 044 037 9850riitta@hirsi-suihkonen.fi Jari Suihkonen puh. 040 577 4662jari@hirsi-suihkonen.fi<\/p>\n","protected":false},"author":1,"featured_media":0,"parent":0,"menu_order":0,"comment_status":"closed","ping_status":"closed","template":"","meta":{"footnotes":""},"class_list":["post-271","page","type-page","status-publish","czr-hentry"],"_links":{"self":[{"href":"https:\/\/www.hirsi-suihkonen.fi\/index.php?rest_route=\/wp\/v2\/pages\/271","targetHints":{"allow":["GET"]}}],"collection":[{"href":"https:\/\/www.hirsi-suihkonen.fi\/index.php?rest_route=\/wp\/v2\/pages"}],"about":[{"href":"https:\/\/www.hirsi-suihkonen.fi\/index.php?rest_route=\/wp\/v2\/types\/page"}],"author":[{"embeddable":true,"href":"https:\/\/www.hirsi-suihkonen.fi\/index.php?rest_route=\/wp\/v2\/users\/1"}],"replies":[{"embeddable":true,"href":"https:\/\/www.hirsi-suihkonen.fi\/index.php?rest_route=%2Fwp%2Fv2%2Fcomments&post=271"}],"version-history":[{"count":113,"href":"https:\/\/www.hirsi-suihkonen.fi\/index.php?rest_route=\/wp\/v2\/pages\/271\/revisions"}],"predecessor-version":[{"id":554,"href":"https:\/\/www.hirsi-suihkonen.fi\/index.php?rest_route=\/wp\/v2\/pages\/271\/revisions\/554"}],"wp:attachment":[{"href":"https:\/\/www.hirsi-suihkonen.fi\/index.php?rest_route=%2Fwp%2Fv2%2Fmedia&parent=271"}],"curies":[{"name":"wp","href":"https:\/\/api.w.org\/{rel}","templated":true}]}}